{"id":93,"date":"2026-01-03T09:11:11","date_gmt":"2026-01-03T08:11:11","guid":{"rendered":"https:\/\/tramitesentorrevieja.es\/?page_id=93"},"modified":"2026-01-03T09:11:11","modified_gmt":"2026-01-03T08:11:11","slug":"politica-de-cookies","status":"publish","type":"page","link":"https:\/\/tramitesentorrevieja.es\/en\/politica-de-cookies\/","title":{"rendered":"Cookies policy"},"content":{"rendered":"<h2 data-start=\"3154\" data-end=\"3178\">\u00bfQu\u00e9 son las cookies?<\/h2>\n<p data-start=\"3179\" data-end=\"3302\">Las cookies son peque\u00f1os archivos que se almacenan en el dispositivo del usuario para mejorar la experiencia de navegaci\u00f3n.<\/p>\n<h2 data-start=\"3309\" data-end=\"3339\">Tipos de cookies utilizadas<\/h2>\n<h3 data-start=\"3341\" data-end=\"3361\">Cookies t\u00e9cnicas<\/h3>\n<p data-start=\"3362\" data-end=\"3417\">Necesarias para el funcionamiento b\u00e1sico del sitio web.<\/p>\n<h3 data-start=\"3419\" data-end=\"3442\">Cookies de an\u00e1lisis<\/h3>\n<p data-start=\"3443\" data-end=\"3565\">Este sitio puede utilizar servicios como <strong data-start=\"3484\" data-end=\"3504\">Google Analytics<\/strong> para analizar el uso del sitio web y mejorar sus contenidos.<\/p>\n<h3 data-start=\"3567\" data-end=\"3592\">Cookies publicitarias<\/h3>\n<p data-start=\"3593\" data-end=\"3725\">En el futuro, este sitio puede mostrar publicidad mediante <strong data-start=\"3652\" data-end=\"3670\">Google Adsense<\/strong>, que utiliza cookies para mostrar anuncios relevantes.<\/p>\n<h2 data-start=\"3732\" data-end=\"3753\">Gesti\u00f3n de cookies<\/h2>\n<p data-start=\"3754\" data-end=\"3908\">El usuario puede configurar su navegador para aceptar, bloquear o eliminar cookies. La desactivaci\u00f3n de cookies puede afectar al funcionamiento del sitio.<\/p>\n<h2 data-start=\"3915\" data-end=\"3939\">Aceptaci\u00f3n de cookies<\/h2>\n<p data-start=\"3940\" data-end=\"4032\">Al navegar por este sitio web, el usuario acepta el uso de cookies conforme a esta pol\u00edtica.<\/p>","protected":false},"excerpt":{"rendered":"<p>\u00bfQu\u00e9 son las cookies? Las cookies son peque\u00f1os archivos que se almacenan en el dispositivo del usuario para mejorar la experiencia de navegaci\u00f3n. Tipos de cookies utilizadas Cookies t\u00e9cnicas Necesarias para el funcionamiento b\u00e1sico del sitio web. Cookies de an\u00e1lisis Este sitio puede utilizar servicios como Google Analytics para analizar el uso del sitio web [&hellip;]<\/p>\n","protected":false},"author":1,"featured_media":0,"parent":0,"menu_order":0,"comment_status":"closed","ping_status":"closed","template":"","meta":{"footnotes":""},"class_list":["post-93","page","type-page","status-publish","hentry"],"blocksy_meta":[],"_links":{"self":[{"href":"https:\/\/tramitesentorrevieja.es\/en\/wp-json\/wp\/v2\/pages\/93","targetHints":{"allow":["GET"]}}],"collection":[{"href":"https:\/\/tramitesentorrevieja.es\/en\/wp-json\/wp\/v2\/pages"}],"about":[{"href":"https:\/\/tramitesentorrevieja.es\/en\/wp-json\/wp\/v2\/types\/page"}],"author":[{"embeddable":true,"href":"https:\/\/tramitesentorrevieja.es\/en\/wp-json\/wp\/v2\/users\/1"}],"replies":[{"embeddable":true,"href":"https:\/\/tramitesentorrevieja.es\/en\/wp-json\/wp\/v2\/comments?post=93"}],"version-history":[{"count":2,"href":"https:\/\/tramitesentorrevieja.es\/en\/wp-json\/wp\/v2\/pages\/93\/revisions"}],"predecessor-version":[{"id":95,"href":"https:\/\/tramitesentorrevieja.es\/en\/wp-json\/wp\/v2\/pages\/93\/revisions\/95"}],"wp:attachment":[{"href":"https:\/\/tramitesentorrevieja.es\/en\/wp-json\/wp\/v2\/media?parent=93"}],"curies":[{"name":"wp","href":"https:\/\/api.w.org\/{rel}","templated":true}]}}