{"id":90,"date":"2026-01-03T09:09:40","date_gmt":"2026-01-03T08:09:40","guid":{"rendered":"https:\/\/tramitesentorrevieja.es\/?page_id=90"},"modified":"2026-01-03T09:09:40","modified_gmt":"2026-01-03T08:09:40","slug":"politica-de-privacidad","status":"publish","type":"page","link":"https:\/\/tramitesentorrevieja.es\/en\/politica-de-privacidad\/","title":{"rendered":"Privacy policy"},"content":{"rendered":"<h2 data-start=\"1802\" data-end=\"1832\">Data controller<\/h2>\n<ul data-start=\"1833\" data-end=\"1932\">\n<li data-start=\"1833\" data-end=\"1869\">\n<p data-start=\"1835\" data-end=\"1869\"><strong data-start=\"1835\" data-end=\"1843\">Web:<\/strong> tramitesentorrevieja.es<\/p>\n<\/li>\n<li data-start=\"1870\" data-end=\"1932\">\n<p data-start=\"1872\" data-end=\"1932\"><strong data-start=\"1872\" data-end=\"1886\">Purpose:<\/strong> Managing enquiries and improving the website<\/p>\n<\/li>\n<\/ul>\n<h2 data-start=\"1939\" data-end=\"1968\">Personal data collected<\/h2>\n<p data-start=\"1969\" data-end=\"2027\">This website may collect personal data through:<\/p>\n<ul data-start=\"2028\" data-end=\"2136\">\n<li data-start=\"2028\" data-end=\"2053\">\n<p data-start=\"2030\" data-end=\"2053\">Contact forms<\/p>\n<\/li>\n<li data-start=\"2054\" data-end=\"2100\">\n<p data-start=\"2056\" data-end=\"2100\">E-mails sent by the user<\/p>\n<\/li>\n<li data-start=\"2101\" data-end=\"2136\">\n<p data-start=\"2103\" data-end=\"2136\">Cookies (see cookies policy)<\/p>\n<\/li>\n<\/ul>\n<p data-start=\"2138\" data-end=\"2178\">Data that can be collected include:<\/p>\n<ul data-start=\"2179\" data-end=\"2265\">\n<li data-start=\"2179\" data-end=\"2212\">\n<p data-start=\"2181\" data-end=\"2212\">E-mail address<\/p>\n<\/li>\n<li data-start=\"2213\" data-end=\"2265\">\n<p data-start=\"2215\" data-end=\"2265\">Technical navigation data (IP, browser, etc.)<\/p>\n<\/li>\n<\/ul>\n<h2 data-start=\"2272\" data-end=\"2300\">Purpose of processing<\/h2>\n<p data-start=\"2301\" data-end=\"2328\">The data is used for:<\/p>\n<ul data-start=\"2329\" data-end=\"2448\">\n<li data-start=\"2329\" data-end=\"2378\">\n<p data-start=\"2331\" data-end=\"2378\">Respond to queries sent by users<\/p>\n<\/li>\n<li data-start=\"2379\" data-end=\"2417\">\n<p data-start=\"2381\" data-end=\"2417\">Improving the browsing experience<\/p>\n<\/li>\n<li data-start=\"2418\" data-end=\"2448\">\n<p data-start=\"2420\" data-end=\"2448\">Fulfilling legal obligations<\/p>\n<\/li>\n<\/ul>\n<h2 data-start=\"2455\" data-end=\"2470\">Legitimation<\/h2>\n<p data-start=\"2471\" data-end=\"2521\">The legal basis for the processing of the data is:<\/p>\n<ul data-start=\"2522\" data-end=\"2595\">\n<li data-start=\"2522\" data-end=\"2553\">\n<p data-start=\"2524\" data-end=\"2553\">User consent<\/p>\n<\/li>\n<li data-start=\"2554\" data-end=\"2595\">\n<p data-start=\"2556\" data-end=\"2595\">Compliance with legal obligations<\/p>\n<\/li>\n<\/ul>\n<h2 data-start=\"2602\" data-end=\"2630\">Data retention<\/h2>\n<p data-start=\"2631\" data-end=\"2761\">Personal data will be kept only for the time necessary to fulfil the purpose for which they were collected.<\/p>\n<h2 data-start=\"2768\" data-end=\"2791\">User rights<\/h2>\n<p data-start=\"2792\" data-end=\"2833\">The user may exercise his or her rights to:<\/p>\n<ul data-start=\"2834\" data-end=\"2911\">\n<li data-start=\"2834\" data-end=\"2842\">\n<p data-start=\"2836\" data-end=\"2842\">Access<\/p>\n<\/li>\n<li data-start=\"2843\" data-end=\"2858\">\n<p data-start=\"2845\" data-end=\"2858\">Correction<\/p>\n<\/li>\n<li data-start=\"2859\" data-end=\"2870\">\n<p data-start=\"2861\" data-end=\"2870\">Suppression<\/p>\n<\/li>\n<li data-start=\"2871\" data-end=\"2882\">\n<p data-start=\"2873\" data-end=\"2882\">Opposition<\/p>\n<\/li>\n<li data-start=\"2883\" data-end=\"2911\">\n<p data-start=\"2885\" data-end=\"2911\">Treatment limitation<\/p>\n<\/li>\n<\/ul>\n<p data-start=\"2913\" data-end=\"2978\">By application sent to:<br \/>\n\ud83d\udce7 <a class=\"decorated-link cursor-pointer\" rel=\"noopener\" data-start=\"2946\" data-end=\"2978\">contacto@tramitesentorrevieja.es<\/a><\/p>\n<h2 data-start=\"2985\" data-end=\"3008\">Security measures<\/h2>\n<p data-start=\"3009\" data-end=\"3121\">The necessary technical and organisational measures are implemented to ensure the security of personal data.<\/p>","protected":false},"excerpt":{"rendered":"<p>Responsable del tratamiento Web: tramitesentorrevieja.es Finalidad: Gesti\u00f3n de consultas y mejora del sitio web Datos personales recogidos Este sitio web puede recoger datos personales a trav\u00e9s de: Formularios de contacto Correos electr\u00f3nicos enviados por el usuario Cookies (ver pol\u00edtica de cookies) Los datos que pueden recogerse incluyen: Direcci\u00f3n de correo electr\u00f3nico Datos t\u00e9cnicos de navegaci\u00f3n [&hellip;]<\/p>\n","protected":false},"author":1,"featured_media":0,"parent":0,"menu_order":0,"comment_status":"closed","ping_status":"closed","template":"","meta":{"footnotes":""},"class_list":["post-90","page","type-page","status-publish","hentry"],"blocksy_meta":[],"_links":{"self":[{"href":"https:\/\/tramitesentorrevieja.es\/en\/wp-json\/wp\/v2\/pages\/90","targetHints":{"allow":["GET"]}}],"collection":[{"href":"https:\/\/tramitesentorrevieja.es\/en\/wp-json\/wp\/v2\/pages"}],"about":[{"href":"https:\/\/tramitesentorrevieja.es\/en\/wp-json\/wp\/v2\/types\/page"}],"author":[{"embeddable":true,"href":"https:\/\/tramitesentorrevieja.es\/en\/wp-json\/wp\/v2\/users\/1"}],"replies":[{"embeddable":true,"href":"https:\/\/tramitesentorrevieja.es\/en\/wp-json\/wp\/v2\/comments?post=90"}],"version-history":[{"count":2,"href":"https:\/\/tramitesentorrevieja.es\/en\/wp-json\/wp\/v2\/pages\/90\/revisions"}],"predecessor-version":[{"id":92,"href":"https:\/\/tramitesentorrevieja.es\/en\/wp-json\/wp\/v2\/pages\/90\/revisions\/92"}],"wp:attachment":[{"href":"https:\/\/tramitesentorrevieja.es\/en\/wp-json\/wp\/v2\/media?parent=90"}],"curies":[{"name":"wp","href":"https:\/\/api.w.org\/{rel}","templated":true}]}}