{"id":87,"date":"2026-01-03T09:08:09","date_gmt":"2026-01-03T08:08:09","guid":{"rendered":"https:\/\/tramitesentorrevieja.es\/?page_id=87"},"modified":"2026-01-03T09:08:09","modified_gmt":"2026-01-03T08:08:09","slug":"aviso-legal","status":"publish","type":"page","link":"https:\/\/tramitesentorrevieja.es\/en\/aviso-legal\/","title":{"rendered":"AVISO LEGAL"},"content":{"rendered":"<p data-start=\"254\" data-end=\"412\"><strong data-start=\"254\" data-end=\"279\">Titular del sitio web<\/strong><br data-start=\"279\" data-end=\"282\" \/>En cumplimiento con el deber de informaci\u00f3n recogido en la Ley 34\/2002 (LSSI-CE), se informa que este sitio web es titularidad de:<\/p>\n<ul data-start=\"414\" data-end=\"622\">\n<li data-start=\"414\" data-end=\"467\">\n<p data-start=\"416\" data-end=\"467\"><strong data-start=\"416\" data-end=\"441\">Nombre del sitio web:<\/strong> tramitesentorrevieja.es<\/p>\n<\/li>\n<li data-start=\"468\" data-end=\"549\">\n<p data-start=\"470\" data-end=\"549\"><strong data-start=\"470\" data-end=\"484\">Actividad:<\/strong> Sitio web informativo sobre tr\u00e1mites municipales en Torrevieja<\/p>\n<\/li>\n<li data-start=\"550\" data-end=\"622\">\n<p data-start=\"552\" data-end=\"622\"><strong data-start=\"552\" data-end=\"587\">Correo electr\u00f3nico de contacto:<\/strong> <a class=\"decorated-link cursor-pointer\" rel=\"noopener\" data-start=\"588\" data-end=\"620\">contacto@tramitesentorrevieja.es<\/a><\/p>\n<\/li>\n<\/ul>\n<h2 data-start=\"629\" data-end=\"638\">Objeto<\/h2>\n<p data-start=\"639\" data-end=\"844\">El presente sitio web tiene como finalidad ofrecer <strong data-start=\"690\" data-end=\"731\">informaci\u00f3n orientativa y divulgativa<\/strong> sobre tr\u00e1mites municipales, procedimientos administrativos y gestiones habituales en el municipio de Torrevieja.<\/p>\n<p data-start=\"846\" data-end=\"960\">El contenido publicado <strong data-start=\"869\" data-end=\"908\">no sustituye la informaci\u00f3n oficial<\/strong> ni constituye asesoramiento legal o administrativo.<\/p>\n<h2 data-start=\"967\" data-end=\"985\">Responsabilidad<\/h2>\n<p data-start=\"986\" data-end=\"1021\">El titular no se responsabiliza de:<\/p>\n<ul data-start=\"1022\" data-end=\"1178\">\n<li data-start=\"1022\" data-end=\"1061\">\n<p data-start=\"1024\" data-end=\"1061\">Errores u omisiones en los contenidos<\/p>\n<\/li>\n<li data-start=\"1062\" data-end=\"1118\">\n<p data-start=\"1064\" data-end=\"1118\">Cambios en normativas o procedimientos administrativos<\/p>\n<\/li>\n<li data-start=\"1119\" data-end=\"1178\">\n<p data-start=\"1121\" data-end=\"1178\">El uso que los usuarios hagan de la informaci\u00f3n publicada<\/p>\n<\/li>\n<\/ul>\n<p data-start=\"1180\" data-end=\"1278\">Se recomienda contrastar siempre la informaci\u00f3n con los <strong data-start=\"1236\" data-end=\"1277\">organismos oficiales correspondientes<\/strong>.<\/p>\n<h2 data-start=\"1285\" data-end=\"1309\">Propiedad intelectual<\/h2>\n<p data-start=\"1310\" data-end=\"1491\">Todos los contenidos del sitio web (textos, im\u00e1genes, dise\u00f1o) son propiedad del titular o se utilizan con autorizaci\u00f3n, y est\u00e1n protegidos por la normativa de propiedad intelectual.<\/p>\n<p data-start=\"1493\" data-end=\"1550\">Queda prohibida su reproducci\u00f3n sin autorizaci\u00f3n expresa.<\/p>\n<h2 data-start=\"1557\" data-end=\"1576\">Enlaces externos<\/h2>\n<p data-start=\"1577\" data-end=\"1766\">Este sitio puede contener enlaces a p\u00e1ginas web de terceros (por ejemplo, sedes electr\u00f3nicas oficiales). El titular no se responsabiliza del contenido ni de las pol\u00edticas de dichas p\u00e1ginas.<\/p>","protected":false},"excerpt":{"rendered":"<p>Titular del sitio webEn cumplimiento con el deber de informaci\u00f3n recogido en la Ley 34\/2002 (LSSI-CE), se informa que este sitio web es titularidad de: Nombre del sitio web: tramitesentorrevieja.es Actividad: Sitio web informativo sobre tr\u00e1mites municipales en Torrevieja Correo electr\u00f3nico de contacto: contacto@tramitesentorrevieja.es Objeto El presente sitio web tiene como finalidad ofrecer informaci\u00f3n orientativa [&hellip;]<\/p>\n","protected":false},"author":1,"featured_media":0,"parent":0,"menu_order":0,"comment_status":"closed","ping_status":"closed","template":"","meta":{"footnotes":""},"class_list":["post-87","page","type-page","status-publish","hentry"],"blocksy_meta":[],"_links":{"self":[{"href":"https:\/\/tramitesentorrevieja.es\/en\/wp-json\/wp\/v2\/pages\/87","targetHints":{"allow":["GET"]}}],"collection":[{"href":"https:\/\/tramitesentorrevieja.es\/en\/wp-json\/wp\/v2\/pages"}],"about":[{"href":"https:\/\/tramitesentorrevieja.es\/en\/wp-json\/wp\/v2\/types\/page"}],"author":[{"embeddable":true,"href":"https:\/\/tramitesentorrevieja.es\/en\/wp-json\/wp\/v2\/users\/1"}],"replies":[{"embeddable":true,"href":"https:\/\/tramitesentorrevieja.es\/en\/wp-json\/wp\/v2\/comments?post=87"}],"version-history":[{"count":2,"href":"https:\/\/tramitesentorrevieja.es\/en\/wp-json\/wp\/v2\/pages\/87\/revisions"}],"predecessor-version":[{"id":89,"href":"https:\/\/tramitesentorrevieja.es\/en\/wp-json\/wp\/v2\/pages\/87\/revisions\/89"}],"wp:attachment":[{"href":"https:\/\/tramitesentorrevieja.es\/en\/wp-json\/wp\/v2\/media?parent=87"}],"curies":[{"name":"wp","href":"https:\/\/api.w.org\/{rel}","templated":true}]}}