{"id":2,"date":"2025-12-31T16:00:45","date_gmt":"2025-12-31T16:00:45","guid":{"rendered":"https:\/\/tramitesentorrevieja.es\/?page_id=2"},"modified":"2026-02-28T17:57:28","modified_gmt":"2026-02-28T16:57:28","slug":"home","status":"publish","type":"page","link":"https:\/\/tramitesentorrevieja.es\/en\/","title":{"rendered":""},"content":{"rendered":"<h2><strong><img loading=\"lazy\" decoding=\"async\" class=\"aligncenter wp-image-81 size-large\" src=\"https:\/\/tramitesentorrevieja.es\/wp-content\/uploads\/2026\/01\/tramites-en-ayuntamiento-torrevieja-e1767430654977-1024x507.png\" alt=\"tramites-en-ayuntamiento-torrevieja\" width=\"1024\" height=\"507\" srcset=\"https:\/\/tramitesentorrevieja.es\/wp-content\/uploads\/2026\/01\/tramites-en-ayuntamiento-torrevieja-e1767430654977-1024x507.png 1024w, https:\/\/tramitesentorrevieja.es\/wp-content\/uploads\/2026\/01\/tramites-en-ayuntamiento-torrevieja-e1767430654977-300x148.png 300w, https:\/\/tramitesentorrevieja.es\/wp-content\/uploads\/2026\/01\/tramites-en-ayuntamiento-torrevieja-e1767430654977-768x380.png 768w, https:\/\/tramitesentorrevieja.es\/wp-content\/uploads\/2026\/01\/tramites-en-ayuntamiento-torrevieja-e1767430654977.png 1536w\" sizes=\"auto, (max-width: 1024px) 100vw, 1024px\" \/><\/strong><\/h2>\n<h2 style=\"text-align: center;\"><strong>Formalities in Torrevieja: step-by-step guides and updates<\/strong><\/h2>\n<p>Independent information to carry out municipal procedures in Torrevieja: registration, certificates, grants, appointments and usual formalities.<\/p>\n<hr \/>\n<h2>\u2b50 MOST CONSULTED PROCEDURES<\/h2>\n<ul>\n<li><a href=\"https:\/\/tramitesentorrevieja.es\/en\/empadronamiento-torrevieja\/\">Registration in Torrevieja<\/a><\/li>\n<li><a href=\"https:\/\/tramitesentorrevieja.es\/en\/tramites-en-la-sede-electronica-del-ayuntamiento-de-torrevieja\/\">Online procedures in the electronic office of the Torrevieja Town Hall<\/a><\/li>\n<li><a href=\"https:\/\/tramitesentorrevieja.es\/en\/multa-obras-sin-licencia-torrevieja\/\">Multa por hacer obras sin licencia en Torrevieja<\/a><\/li>\n<li><a href=\"https:\/\/tramitesentorrevieja.es\/en\/certificado-de-empadronamiento-online-en-torrevieja\/\">Certificate of census registration<\/a><\/li>\n<li><a href=\"https:\/\/tramitesentorrevieja.es\/en\/declaracion-responsable-obras-torrevieja\/\">Declaraci\u00f3n responsable de obras en Torrevieja<\/a><\/li>\n<li><a href=\"https:\/\/tramitesentorrevieja.es\/en\/licencias-obras-torrevieja\/\">Building permit<\/a><\/li>\n<li><a href=\"https:\/\/tramitesentorrevieja.es\/en\/tasas-e-impuestos-municipales-en-torrevieja\/\">Municipal taxes<\/a><\/li>\n<\/ul>\n<hr \/>\n<h2>\ud83e\udded CATEGORIES OF FORMALITIES<\/h2>\n<ul>\n<li>\ud83c\udfe0 <a href=\"https:\/\/tramitesentorrevieja.es\/en\/category\/padron-empadronamiento\/\">Registration and census<\/a><\/li>\n<li>\ud83d\udcc4 <a href=\"https:\/\/tramitesentorrevieja.es\/en\/category\/certificados-documentos\/\">Certificates and documents<\/a><\/li>\n<li>\ud83d\udd52 <a href=\"https:\/\/tramitesentorrevieja.es\/en\/category\/cita-previa-atencion\/\">Appointments and citizen services<\/a><\/li>\n<li>\ud83e\uddfe <a href=\"https:\/\/tramitesentorrevieja.es\/en\/category\/tasas-impuestos\/\">Municipal taxes and charges<\/a><\/li>\n<li>\ud83c\udfd7\ufe0f <a href=\"https:\/\/tramitesentorrevieja.es\/en\/licencias-obras-torrevieja\/\">Works and licences<\/a><\/li>\n<li>\ud83e\udd1d <a href=\"https:\/\/tramitesentorrevieja.es\/en\/category\/ayudas-servicios-sociales\/\">Aid and social services<\/a><\/li>\n<\/ul>\n<div class=\"pt-cv-wrapper\"><div class=\"pt-cv-view pt-cv-grid pt-cv-colsys\" id=\"pt-cv-view-8098fdeq4g\"><div data-id=\"pt-cv-page-1\" class=\"pt-cv-page\" data-cvc=\"3\"><div class=\"col-md-4 col-sm-12 col-xs-12 pt-cv-content-item pt-cv-1-col\" ><div class='pt-cv-ifield'><a href=\"https:\/\/tramitesentorrevieja.es\/en\/multa-obras-sin-licencia-torrevieja\/\" class=\"_self pt-cv-href-thumbnail pt-cv-thumb-default\" target=\"_self\" ><img loading=\"lazy\" decoding=\"async\" width=\"300\" height=\"200\" src=\"https:\/\/tramitesentorrevieja.es\/wp-content\/uploads\/2026\/01\/multa-obras-sin-licencia-torrevieja-300x200.png\" class=\"pt-cv-thumbnail\" alt=\"multa-obras-sin-licencia-torrevieja\" srcset=\"https:\/\/tramitesentorrevieja.es\/wp-content\/uploads\/2026\/01\/multa-obras-sin-licencia-torrevieja-300x200.png 300w, https:\/\/tramitesentorrevieja.es\/wp-content\/uploads\/2026\/01\/multa-obras-sin-licencia-torrevieja-1024x683.png 1024w, https:\/\/tramitesentorrevieja.es\/wp-content\/uploads\/2026\/01\/multa-obras-sin-licencia-torrevieja-768x512.png 768w, https:\/\/tramitesentorrevieja.es\/wp-content\/uploads\/2026\/01\/multa-obras-sin-licencia-torrevieja.png 1536w\" sizes=\"auto, (max-width: 300px) 100vw, 300px\" \/><\/a>\n<h4 class=\"pt-cv-title\"><a href=\"https:\/\/tramitesentorrevieja.es\/en\/multa-obras-sin-licencia-torrevieja\/\" class=\"_self\" target=\"_self\" >Multa por hacer obras sin licencia en Torrevieja<\/a><\/h4>\n<div class=\"pt-cv-taxoterm below_title\"><a href='https:\/\/tramitesentorrevieja.es\/en\/category\/obras-licencias\/' title='Works, licences and town planning' class='pt-cv-tax-obras-licencias'>Works, licences and town planning<\/a><\/div><\/div><\/div>\n<div class=\"col-md-4 col-sm-12 col-xs-12 pt-cv-content-item pt-cv-1-col\" ><div class='pt-cv-ifield'><a href=\"https:\/\/tramitesentorrevieja.es\/en\/declaracion-responsable-obras-torrevieja\/\" class=\"_self pt-cv-href-thumbnail pt-cv-thumb-default\" target=\"_self\" ><img loading=\"lazy\" decoding=\"async\" width=\"300\" height=\"200\" src=\"https:\/\/tramitesentorrevieja.es\/wp-content\/uploads\/2026\/01\/declaracion-responsable-obras-torrevieja-300x200.png\" class=\"pt-cv-thumbnail\" alt=\"declaracion-responsable-obras-torrevieja\" srcset=\"https:\/\/tramitesentorrevieja.es\/wp-content\/uploads\/2026\/01\/declaracion-responsable-obras-torrevieja-300x200.png 300w, https:\/\/tramitesentorrevieja.es\/wp-content\/uploads\/2026\/01\/declaracion-responsable-obras-torrevieja-1024x683.png 1024w, https:\/\/tramitesentorrevieja.es\/wp-content\/uploads\/2026\/01\/declaracion-responsable-obras-torrevieja-768x512.png 768w, https:\/\/tramitesentorrevieja.es\/wp-content\/uploads\/2026\/01\/declaracion-responsable-obras-torrevieja.png 1536w\" sizes=\"auto, (max-width: 300px) 100vw, 300px\" \/><\/a>\n<h4 class=\"pt-cv-title\"><a href=\"https:\/\/tramitesentorrevieja.es\/en\/declaracion-responsable-obras-torrevieja\/\" class=\"_self\" target=\"_self\" >Declaraci\u00f3n responsable de obras en Torrevieja<\/a><\/h4>\n<div class=\"pt-cv-taxoterm below_title\"><a href='https:\/\/tramitesentorrevieja.es\/en\/category\/obras-licencias\/' title='Works, licences and town planning' class='pt-cv-tax-obras-licencias'>Works, licences and town planning<\/a><\/div><\/div><\/div>\n<div class=\"col-md-4 col-sm-12 col-xs-12 pt-cv-content-item pt-cv-1-col\" ><div class='pt-cv-ifield'><a href=\"https:\/\/tramitesentorrevieja.es\/en\/licencia-obra-menor-torrevieja\/\" class=\"_self pt-cv-href-thumbnail pt-cv-thumb-default\" target=\"_self\" ><img loading=\"lazy\" decoding=\"async\" width=\"300\" height=\"200\" src=\"https:\/\/tramitesentorrevieja.es\/wp-content\/uploads\/2026\/01\/licencia-obra-menor-torrevieja-300x200.png\" class=\"pt-cv-thumbnail\" alt=\"licencia-obra-menor-torrevieja\" srcset=\"https:\/\/tramitesentorrevieja.es\/wp-content\/uploads\/2026\/01\/licencia-obra-menor-torrevieja-300x200.png 300w, https:\/\/tramitesentorrevieja.es\/wp-content\/uploads\/2026\/01\/licencia-obra-menor-torrevieja-1024x683.png 1024w, https:\/\/tramitesentorrevieja.es\/wp-content\/uploads\/2026\/01\/licencia-obra-menor-torrevieja-768x512.png 768w, https:\/\/tramitesentorrevieja.es\/wp-content\/uploads\/2026\/01\/licencia-obra-menor-torrevieja-18x12.png 18w, https:\/\/tramitesentorrevieja.es\/wp-content\/uploads\/2026\/01\/licencia-obra-menor-torrevieja.png 1536w\" sizes=\"auto, (max-width: 300px) 100vw, 300px\" \/><\/a>\n<h4 class=\"pt-cv-title\"><a href=\"https:\/\/tramitesentorrevieja.es\/en\/licencia-obra-menor-torrevieja\/\" class=\"_self\" target=\"_self\" >Licencia de obra menor en Torrevieja (2026)<\/a><\/h4>\n<div class=\"pt-cv-taxoterm below_title\"><a href='https:\/\/tramitesentorrevieja.es\/en\/category\/obras-licencias\/' title='Works, licences and town planning' class='pt-cv-tax-obras-licencias'>Works, licences and town planning<\/a><\/div><\/div><\/div><\/div><\/div><\/div>\n<h2><strong>\ud83d\ude97 Veh\u00edculos, tr\u00e1fico y gestiones municipales<\/strong><\/h2>\n<p data-start=\"1226\" data-end=\"1269\"><a href=\"https:\/\/tramitesentorrevieja.es\/en\/tramites-de-vehiculos-en-torrevieja\/\">Tr\u00e1mites de veh\u00edculos en Torrevieja<\/a><\/p>\n<h2>\u26a0\ufe0f FREQUENT PROBLEMS<\/h2>\n<p><a href=\"https:\/\/tramitesentorrevieja.es\/en\/tramites-en-la-sede-electronica-del-ayuntamiento-de-torrevieja\/\"><em>Problems with the Torrevieja Town Hall's electronic site<\/em><\/a><\/p>\n<p>&nbsp;<\/p>","protected":false},"excerpt":{"rendered":"<p>Tr\u00e1mites en Torrevieja: Gu\u00edas y actualizadas paso a paso Informaci\u00f3n independiente para realizar tr\u00e1mites municipales en Torrevieja: empadronamiento, certificados, ayudas, citas y gestiones habituales. \u2b50 TR\u00c1MITES M\u00c1S CONSULTADOS Empadronamiento en Torrevieja Tr\u00e1mites online en la sede electr\u00f3nica del Ayuntamiento de Torrevieja Multa por hacer obras sin licencia en Torrevieja Certificado de empadronamiento Declaraci\u00f3n responsable de [&hellip;]<\/p>\n","protected":false},"author":1,"featured_media":0,"parent":0,"menu_order":0,"comment_status":"closed","ping_status":"open","template":"","meta":{"footnotes":""},"class_list":["post-2","page","type-page","status-publish","hentry"],"blocksy_meta":[],"_links":{"self":[{"href":"https:\/\/tramitesentorrevieja.es\/en\/wp-json\/wp\/v2\/pages\/2","targetHints":{"allow":["GET"]}}],"collection":[{"href":"https:\/\/tramitesentorrevieja.es\/en\/wp-json\/wp\/v2\/pages"}],"about":[{"href":"https:\/\/tramitesentorrevieja.es\/en\/wp-json\/wp\/v2\/types\/page"}],"author":[{"embeddable":true,"href":"https:\/\/tramitesentorrevieja.es\/en\/wp-json\/wp\/v2\/users\/1"}],"replies":[{"embeddable":true,"href":"https:\/\/tramitesentorrevieja.es\/en\/wp-json\/wp\/v2\/comments?post=2"}],"version-history":[{"count":15,"href":"https:\/\/tramitesentorrevieja.es\/en\/wp-json\/wp\/v2\/pages\/2\/revisions"}],"predecessor-version":[{"id":186,"href":"https:\/\/tramitesentorrevieja.es\/en\/wp-json\/wp\/v2\/pages\/2\/revisions\/186"}],"wp:attachment":[{"href":"https:\/\/tramitesentorrevieja.es\/en\/wp-json\/wp\/v2\/media?parent=2"}],"curies":[{"name":"wp","href":"https:\/\/api.w.org\/{rel}","templated":true}]}}